{"id":2,"date":"2026-01-07T11:18:52","date_gmt":"2026-01-07T11:18:52","guid":{"rendered":"http:\/\/31.217.196.124\/~nvbzkouq\/?page_id=2"},"modified":"2026-01-07T20:52:20","modified_gmt":"2026-01-07T18:52:20","slug":"sample-page","status":"publish","type":"page","link":"https:\/\/sahkosimolin.fi\/","title":{"rendered":"S\u00e4hk\u00f6 Simolin Oy"},"content":{"rendered":"\n<p><\/p>\n\n\n\n<p><strong>S\u00e4hk\u00f6 Simolin Oy \u2013 Luotettava s\u00e4hk\u00f6alan kumppanisi<\/strong><\/p>\n\n\n\n<p>Tervetuloa S\u00e4hk\u00f6 Simolin Oy:n sivuille! Olemme yhden miehen s\u00e4hk\u00f6liike, joka tarjoaa laadukkaita ja henkil\u00f6kohtaisia s\u00e4hk\u00f6t\u00f6it\u00e4 yksityisille asiakkaille, taloyhti\u00f6ille ja pienyrityksille Etel\u00e4-Suomen alueella.<\/p>\n\n\n\n<p>Perustin S\u00e4hk\u00f6 Simolin Oy:n vuonna 2025 intohimosta s\u00e4hk\u00f6alan ty\u00f6h\u00f6n ja halusta tarjota asiakkaille reilua, rehellist\u00e4 ja joustavaa palvelua. Yhden miehen yrityksen\u00e4 voin keskitty\u00e4 t\u00e4ysin sinun kohteeseesi \u2013 kuuntelen tarpeesi tarkasti, annan selke\u00e4n tarjouksen ja toteutan ty\u00f6n aikataulussa ilman turhia v\u00e4lik\u00e4si\u00e4.<\/p>\n\n\n\n<p><strong>Palveluihimme kuuluvat muun muassa:<\/strong><\/p>\n\n\n\n<ul class=\"wp-block-list\">\n<li>S\u00e4hk\u00f6asennukset ja -korjaukset<\/li>\n\n\n\n<li>Valaistusratkaisut ja LED-valojen asennukset<\/li>\n\n\n\n<li>Pistorasioiden ja kytkimien vaihdot sek\u00e4 lis\u00e4ykset<\/li>\n\n\n\n<li>S\u00e4hk\u00f6laitteiden huollot ja vikakorjaukset<\/li>\n\n\n\n<li>S\u00e4hk\u00f6istyksen suunnittelu ja toteutus remonttikohteissa<\/li>\n\n\n\n<li>Aurinkopaneelien asennukset ja s\u00e4hk\u00f6autojen latauspisteet<\/li>\n<\/ul>\n\n\n\n<p>Ty\u00f6ni on aina ammattitaitoista, turvallisuusm\u00e4\u00e4r\u00e4ykset t\u00e4ytt\u00e4v\u00e4\u00e4 ja takuulla tehty\u00e4. K\u00e4yt\u00e4n laadukkaita materiaaleja ja pid\u00e4n hinnoitteluni l\u00e4pin\u00e4kyv\u00e4n\u00e4 \u2013 ei piilokuluja tai yll\u00e4tt\u00e4vi\u00e4 lis\u00e4laskuja.<\/p>\n\n\n\n<p>Ota yhteytt\u00e4, niin keskustellaan projektistasi! Tarvitsetpa sitten pient\u00e4 korjausta tai suurempaa s\u00e4hk\u00f6urakkaa, olen t\u00e4\u00e4ll\u00e4 sinua varten.<\/p>\n\n\n\n<p>S\u00e4hk\u00f6 Simolin Oy<br>Niko Simolin<br>040-828 9686<br>niko(a)sahkosimolin.fi<\/p>\n\n\n\n<p><\/p>\n","protected":false},"excerpt":{"rendered":"<p>S\u00e4hk\u00f6 Simolin Oy \u2013 Luotettava s\u00e4hk\u00f6alan kumppanisi Tervetuloa S\u00e4hk\u00f6 Simolin Oy:n sivuille! Olemme yhden miehen s\u00e4hk\u00f6liike, joka tarjoaa laadukkaita ja henkil\u00f6kohtaisia s\u00e4hk\u00f6t\u00f6it\u00e4 yksityisille asiakkaille, taloyhti\u00f6ille ja pienyrityksille Etel\u00e4-Suomen alueella. Perustin &#8230;<\/p>\n","protected":false},"author":1,"featured_media":0,"parent":0,"menu_order":0,"comment_status":"closed","ping_status":"closed","template":"","meta":{"footnotes":""},"class_list":["post-2","page","type-page","status-publish","hentry"],"_links":{"self":[{"href":"https:\/\/sahkosimolin.fi\/index.php\/wp-json\/wp\/v2\/pages\/2","targetHints":{"allow":["GET"]}}],"collection":[{"href":"https:\/\/sahkosimolin.fi\/index.php\/wp-json\/wp\/v2\/pages"}],"about":[{"href":"https:\/\/sahkosimolin.fi\/index.php\/wp-json\/wp\/v2\/types\/page"}],"author":[{"embeddable":true,"href":"https:\/\/sahkosimolin.fi\/index.php\/wp-json\/wp\/v2\/users\/1"}],"replies":[{"embeddable":true,"href":"https:\/\/sahkosimolin.fi\/index.php\/wp-json\/wp\/v2\/comments?post=2"}],"version-history":[{"count":5,"href":"https:\/\/sahkosimolin.fi\/index.php\/wp-json\/wp\/v2\/pages\/2\/revisions"}],"predecessor-version":[{"id":16,"href":"https:\/\/sahkosimolin.fi\/index.php\/wp-json\/wp\/v2\/pages\/2\/revisions\/16"}],"wp:attachment":[{"href":"https:\/\/sahkosimolin.fi\/index.php\/wp-json\/wp\/v2\/media?parent=2"}],"curies":[{"name":"wp","href":"https:\/\/api.w.org\/{rel}","templated":true}]}}